{"id":8229,"date":"2023-07-17T21:23:40","date_gmt":"2023-07-17T19:23:40","guid":{"rendered":"http:\/\/localhost:10190\/?page_id=8229"},"modified":"2024-05-03T16:27:44","modified_gmt":"2024-05-03T14:27:44","slug":"ironstream","status":"publish","type":"page","link":"https:\/\/devoud.smtware.com\/?page_id=8229","title":{"rendered":"Ironstream"},"content":{"rendered":"<div class=\"cover\">\n   <div class=\"grid-container\">\n      <div class=\"grid-x\">\n         <div class=\"cell large-6\">\n            <h1>IronStream<\/h1>\n         <\/div>\n      <\/div>\n   <\/div>\n<\/div>\n\n\n\n\n\n<section class=\"tekst-block block sectie origin background background-white \" id=\"tekst-block_3cce1c5ddfeb1690909f7ce5b27f52b4\">\n    <div class=\"grid-container\">\n        <div class=\"grid-x grid-margin-x align-center\">\n\n                            \n                <div class=\"large-12 cell\">\n\n                    \n\n\n\n                <\/div>\n\n                <div class=\"medium-6 cell\">\n    \n                                            <h2 class=\"p1\"><b>Data van mainframe &amp;<br \/>\nIBM-i systemen<\/b><\/h2>\n                    \n                <\/div>\n\n                <div class=\"medium-6 cell\">\n    \n                                            <p>Ironstream levert real-time totale zichtbaarheid, zonder de noodzaak van verouderde silo tools of gespecialiseerde IBM mainframe- of IBM-i expertise.<\/p>\n<p>U heeft met Ironstream voor Splunk uitgebreide, krachtige inzichten binnen handbereik en volledig ge\u00efntegreerd in Splunk zodat gebruikers eenvoudig de gegevens van alle bedrijfssystemen op \u00e9\u00e9n locatie kunnen doorzoeken, analyseren en visualiseren.<\/p>\n                    \n                <\/div>\n\n                <div class=\"large-12 cell\">\n\n                            \n\n<style>\n\t.button:hover svg line{\n\t\tstroke: #FC2940 !important;\n\t}\n<\/style>\n                <\/div>\n\n            \n        <\/div>\n    <\/div>\n<\/section>\n\n\n\n<section class=\"text-and-media-block block sectie origin background background-black \" id=\"text-and-media-block_2efaa9ed73f881520e6b8f76e7629a4d\" >\n    <div class=\"grid-container relative\">\n        <div class=\"grid-x grid-margin-x grid-margin-y align-center align-middle\">\n            <div class=\"large-6 large-order-2 large-offset-1 cell\">\n                                <img loading=\"lazy\" decoding=\"async\" width=\"1920\" height=\"825\" src=\"https:\/\/devoud.smtware.com\/wp-content\/uploads\/2023\/08\/Ironstream-infographic-1920x825.png\" class=\"image\" alt=\"\" srcset=\"https:\/\/devoud.smtware.com\/wp-content\/uploads\/2023\/08\/Ironstream-infographic-1920x825.png 1920w, https:\/\/devoud.smtware.com\/wp-content\/uploads\/2023\/08\/Ironstream-infographic-1280x550.png 1280w, https:\/\/devoud.smtware.com\/wp-content\/uploads\/2023\/08\/Ironstream-infographic-768x330.png 768w, https:\/\/devoud.smtware.com\/wp-content\/uploads\/2023\/08\/Ironstream-infographic-1536x660.png 1536w, https:\/\/devoud.smtware.com\/wp-content\/uploads\/2023\/08\/Ironstream-infographic-2048x880.png 2048w\" sizes=\"auto, (max-width: 1920px) 100vw, 1920px\" \/>            <\/div>\n            <div class=\"large-5 large-order-1 cell\">\n                <div class=\"content\">\n                \n\n\n    <h2 class=\" color-default\">Wat lost IronStream op? <\/h2>\n\n                                    <p>Met Ironstream voegt u eenvoudig log data uit mainframe en IBM-i systemen toe aan uw Splunk omgeving. Hiermee wordt voorkomen dat er een blinde vlek ontstaat op dit onderdeel in uw organisatie. Met Ironstream voor Splunk kunt u erop vertrouwen dat de IT-analytics dashboards, om IT-operations, security, compliance (en meer) in Splunk te beheren, volledig zijn.<\/p>\n<p>Met Ironstream voor Splunk kun u ook snel en eenvoudig afwijkingen van best practices op het gebied van beveiliging identificeren en een audit trail bijhouden om beveiligingsfunctionarissen en auditors tijdig van de juiste informatie te voorzien.<\/p>\n                                <\/div>\n      \n                \n            <\/div>\n        <\/div>\n                \n\n<style>\n\t.button:hover svg line{\n\t\tstroke: #FC2940 !important;\n\t}\n<\/style>\n            <\/div>\n<\/section>\n\n\n\n\n<section class=\"cta-block sectie origin  block background background-white\" id=\"cta-block_fca17e85793f1f214710ffe5514ffb48\">\n    <div class=\"grid-container\">\n        <div class=\"grid-x grid-margin-x align-middle\">\n            <div class=\"small-12 medium-auto cell\">\n                \n\n\n    <h2 class=\" tm bm color-default\">Ben je klaar voor het \u00e9chte vakmanschap in data engineering? <\/h2>\n                                                    <p class=\"p1\">Wacht niet langer en neem nu direct contact met ons op. Onze vakmannen staan paraat om samen aan de weg te timmeren. Klaar voor een potje poolen of bak koffie? Dat kan ook!<\/p>\n                                            <\/div>\n            <div class=\"cell small-12 medium-shrink large-offset-2\">\n                <div class=\"ltm grid-x grid-margin-x grid-margin-y buttons align-middle \">\n\n\n    \n\n    \n        <div class=\"shrink cell\">\n            <a data-smooth-scroll data-animation-easing=\"swing\" class=\"button nbm    button-red\" href=\"https:\/\/devoud.smtware.com\/over-smt\/contact\/\" target=\"_self\">Neem contact op\t\t\t\t\t\t<svg xmlns=\"http:\/\/www.w3.org\/2000\/svg\" style=\"width: 40px; margin-left: .5rem\" viewBox=\"0 0 83.609 30.22\">\n  <g id=\"Group_12\" data-name=\"Group 12\" transform=\"translate(17589 -3026.39)\">\n    <line id=\"Line_2\" data-name=\"Line 2\" x1=\"80\" transform=\"translate(-17587.5 3041.5)\" fill=\"none\" stroke=\"#fff\" stroke-linecap=\"round\" stroke-width=\"4\"\/>\n    <line id=\"Line_3\" data-name=\"Line 3\" x1=\"16\" y1=\"13\" transform=\"translate(-17523.5 3028.5)\" fill=\"none\" stroke=\"#fff\" stroke-linecap=\"round\" stroke-width=\"4\"\/>\n    <line id=\"Line_4\" data-name=\"Line 4\" x1=\"16\" y2=\"13\" transform=\"translate(-17523.5 3041.5)\" fill=\"none\" stroke=\"#fff\" stroke-linecap=\"round\" stroke-width=\"4\"\/>\n  <\/g>\n<\/svg>\n\t\t\t<\/a>\n        <\/div>\n\n    \n<\/div>  \n        \n\n<style>\n\t.button:hover svg line{\n\t\tstroke: #FC2940 !important;\n\t}\n<\/style>            <\/div>\n            <div class=\"large-1 cell show-for-large\"><!-- EMPTY --><\/div>\n        <\/div>\n    <\/div>\n<\/section>\n\n\n\n\n<section class=\"tekst-block block sectie origin background background-white \" id=\"tekst-block_90532510a997dd161b646c3251e999da\">\n    <div class=\"grid-container\">\n        <div class=\"grid-x grid-margin-x align-center\">\n\n                            \n                <div class=\"large-12 cell\">\n\n                    \n\n\n\n                <\/div>\n\n                <div class=\"medium-6 cell\">\n    \n                                            <h2><\/h2>\n<h2 class=\"p1\"><span class=\"s1\"><b>Onze krachtige aanpak.<\/b><\/span><\/h2>\n                    \n                <\/div>\n\n                <div class=\"medium-6 cell\">\n    \n                                            <p>&nbsp;<\/p>\n<p class=\"p1\">Eenvoud is onze kracht. Wij zijn gefocust op het maximaliseren van de waarde van data. Als fervente spelers in het Splunk-ecosysteem, zijn we altijd in beweging. Vertrouw op onze gecertificeerde Splunk vakmannen en data engineering engineers die je begeleiden in deze weg.<\/p>\n                    \n                <\/div>\n\n                <div class=\"large-12 cell\">\n\n                            \n\n<style>\n\t.button:hover svg line{\n\t\tstroke: #FC2940 !important;\n\t}\n<\/style>\n                <\/div>\n\n            \n        <\/div>\n    <\/div>\n<\/section>","protected":false},"excerpt":{"rendered":"","protected":false},"author":10,"featured_media":8163,"parent":8228,"menu_order":0,"comment_status":"closed","ping_status":"closed","template":"","meta":{"_acf_changed":false,"content-type":"","footnotes":""},"class_list":["post-8229","page","type-page","status-publish","has-post-thumbnail","hentry"],"acf":[],"yoast_head":"<!-- This site is optimized with the Yoast SEO Premium plugin v23.4 (Yoast SEO v27.5) - https:\/\/yoast.com\/product\/yoast-seo-premium-wordpress\/ -->\n<title>Ironstream | SMT<\/title>\n<meta name=\"description\" content=\"Maak echte keuzes wanneer het gaat om het verzamelen, ontsluiten, en distribueren van data. Doorbreek de silo\u2019s en haal meer uit jouw investeringen.\" \/>\n<meta name=\"robots\" content=\"index, follow, max-snippet:-1, max-image-preview:large, max-video-preview:-1\" \/>\n<link rel=\"canonical\" href=\"https:\/\/devoud.smtware.com\/?page_id=8229\" \/>\n<meta property=\"og:locale\" content=\"nl_NL\" \/>\n<meta property=\"og:type\" content=\"article\" \/>\n<meta property=\"og:title\" content=\"Ironstream\" \/>\n<meta property=\"og:description\" content=\"Maak echte keuzes wanneer het gaat om het verzamelen, ontsluiten, en distribueren van data. Doorbreek de silo\u2019s en haal meer uit jouw investeringen.\" \/>\n<meta property=\"og:url\" content=\"https:\/\/devoud.smtware.com\/?page_id=8229\" \/>\n<meta property=\"og:site_name\" content=\"SMT\" \/>\n<meta property=\"article:modified_time\" content=\"2024-05-03T14:27:44+00:00\" \/>\n<meta property=\"og:image\" content=\"https:\/\/devoud.smtware.com\/wp-content\/uploads\/2023\/07\/Header-Cribl-e1689609003906.jpg\" \/>\n\t<meta property=\"og:image:width\" content=\"753\" \/>\n\t<meta property=\"og:image:height\" content=\"1080\" \/>\n\t<meta property=\"og:image:type\" content=\"image\/jpeg\" \/>\n<meta name=\"twitter:card\" content=\"summary_large_image\" \/>\n<script type=\"application\/ld+json\" class=\"yoast-schema-graph\">{\"@context\":\"https:\\\/\\\/schema.org\",\"@graph\":[{\"@type\":\"WebPage\",\"@id\":\"https:\\\/\\\/devoud.smtware.com\\\/?page_id=8229\",\"url\":\"https:\\\/\\\/devoud.smtware.com\\\/?page_id=8229\",\"name\":\"Ironstream | SMT\",\"isPartOf\":{\"@id\":\"https:\\\/\\\/devoud.smtware.com\\\/#website\"},\"primaryImageOfPage\":{\"@id\":\"https:\\\/\\\/devoud.smtware.com\\\/?page_id=8229#primaryimage\"},\"image\":{\"@id\":\"https:\\\/\\\/devoud.smtware.com\\\/?page_id=8229#primaryimage\"},\"thumbnailUrl\":\"https:\\\/\\\/devoud.smtware.com\\\/wp-content\\\/uploads\\\/2023\\\/07\\\/Header-Cribl-e1689609003906.jpg\",\"datePublished\":\"2023-07-17T19:23:40+00:00\",\"dateModified\":\"2024-05-03T14:27:44+00:00\",\"description\":\"Maak echte keuzes wanneer het gaat om het verzamelen, ontsluiten, en distribueren van data. Doorbreek de silo\u2019s en haal meer uit jouw investeringen.\",\"breadcrumb\":{\"@id\":\"https:\\\/\\\/devoud.smtware.com\\\/?page_id=8229#breadcrumb\"},\"inLanguage\":\"nl-NL\",\"potentialAction\":[{\"@type\":\"ReadAction\",\"target\":[\"https:\\\/\\\/devoud.smtware.com\\\/?page_id=8229\"]}]},{\"@type\":\"ImageObject\",\"inLanguage\":\"nl-NL\",\"@id\":\"https:\\\/\\\/devoud.smtware.com\\\/?page_id=8229#primaryimage\",\"url\":\"https:\\\/\\\/devoud.smtware.com\\\/wp-content\\\/uploads\\\/2023\\\/07\\\/Header-Cribl-e1689609003906.jpg\",\"contentUrl\":\"https:\\\/\\\/devoud.smtware.com\\\/wp-content\\\/uploads\\\/2023\\\/07\\\/Header-Cribl-e1689609003906.jpg\",\"width\":753,\"height\":1080},{\"@type\":\"BreadcrumbList\",\"@id\":\"https:\\\/\\\/devoud.smtware.com\\\/?page_id=8229#breadcrumb\",\"itemListElement\":[{\"@type\":\"ListItem\",\"position\":1,\"name\":\"Home\",\"item\":\"https:\\\/\\\/devoud.smtware.com\\\/\"},{\"@type\":\"ListItem\",\"position\":2,\"name\":\"Technologie\",\"item\":\"https:\\\/\\\/devoud.smtware.com\\\/?page_id=252\"},{\"@type\":\"ListItem\",\"position\":3,\"name\":\"Precisely\",\"item\":\"https:\\\/\\\/devoud.smtware.com\\\/?page_id=8228\"},{\"@type\":\"ListItem\",\"position\":4,\"name\":\"Ironstream\"}]},{\"@type\":\"WebSite\",\"@id\":\"https:\\\/\\\/devoud.smtware.com\\\/#website\",\"url\":\"https:\\\/\\\/devoud.smtware.com\\\/\",\"name\":\"SMT\",\"description\":\"Data zonder gedoe\",\"publisher\":{\"@id\":\"https:\\\/\\\/devoud.smtware.com\\\/#organization\"},\"alternateName\":\"SMT - Simple Management Technologies\",\"potentialAction\":[{\"@type\":\"SearchAction\",\"target\":{\"@type\":\"EntryPoint\",\"urlTemplate\":\"https:\\\/\\\/devoud.smtware.com\\\/?s={search_term_string}\"},\"query-input\":{\"@type\":\"PropertyValueSpecification\",\"valueRequired\":true,\"valueName\":\"search_term_string\"}}],\"inLanguage\":\"nl-NL\"},{\"@type\":\"Organization\",\"@id\":\"https:\\\/\\\/devoud.smtware.com\\\/#organization\",\"name\":\"SMT\",\"alternateName\":\"SMT - Simple Management Technologies\",\"url\":\"https:\\\/\\\/devoud.smtware.com\\\/\",\"logo\":{\"@type\":\"ImageObject\",\"inLanguage\":\"nl-NL\",\"@id\":\"https:\\\/\\\/devoud.smtware.com\\\/#\\\/schema\\\/logo\\\/image\\\/\",\"url\":\"https:\\\/\\\/devoud.smtware.com\\\/wp-content\\\/uploads\\\/2024\\\/02\\\/SMT-Logo-circle.png\",\"contentUrl\":\"https:\\\/\\\/devoud.smtware.com\\\/wp-content\\\/uploads\\\/2024\\\/02\\\/SMT-Logo-circle.png\",\"width\":1281,\"height\":1281,\"caption\":\"SMT\"},\"image\":{\"@id\":\"https:\\\/\\\/devoud.smtware.com\\\/#\\\/schema\\\/logo\\\/image\\\/\"},\"sameAs\":[\"https:\\\/\\\/www.linkedin.com\\\/company\\\/smt-simple-management-technologies-b.v.\"],\"description\":\"SMT is een vooraanstaande leverancier van innovatieve data-engineeringoplossingen, gespecialiseerd in cyber security, ITOps en DevOps. Met een passie voor het maximaliseren van de waarde van data, in samenwerking met Splunk en Cribl, helpen we organisaties om waardevolle inzichten te verkrijgen uit complexe datasets. Ons team van gecertificeerde, ervaren en gepassioneerde professionals is gericht op het leveren van waardegedreven data-integratie- en engineeringdiensten om organisaties te ondersteunen bij hun data-uitdagingen. Met uitgebreide expertise in Splunk-technologie\u00ebn bieden we onze klanten krachtige analyse- en monitoringmogelijkheden.\",\"email\":\"info@devoud.smtware.com\",\"telephone\":\"+31 (0)88 018 41 00\",\"legalName\":\"SMT - Simple Management Technologies\",\"foundingDate\":\"1997-10-01\",\"numberOfEmployees\":{\"@type\":\"QuantitativeValue\",\"minValue\":\"11\",\"maxValue\":\"50\"}}]}<\/script>\n<!-- \/ Yoast SEO Premium plugin. -->","yoast_head_json":{"title":"Ironstream | SMT","description":"Maak echte keuzes wanneer het gaat om het verzamelen, ontsluiten, en distribueren van data. Doorbreek de silo\u2019s en haal meer uit jouw investeringen.","robots":{"index":"index","follow":"follow","max-snippet":"max-snippet:-1","max-image-preview":"max-image-preview:large","max-video-preview":"max-video-preview:-1"},"canonical":"https:\/\/devoud.smtware.com\/?page_id=8229","og_locale":"nl_NL","og_type":"article","og_title":"Ironstream","og_description":"Maak echte keuzes wanneer het gaat om het verzamelen, ontsluiten, en distribueren van data. Doorbreek de silo\u2019s en haal meer uit jouw investeringen.","og_url":"https:\/\/devoud.smtware.com\/?page_id=8229","og_site_name":"SMT","article_modified_time":"2024-05-03T14:27:44+00:00","og_image":[{"width":753,"height":1080,"url":"https:\/\/devoud.smtware.com\/wp-content\/uploads\/2023\/07\/Header-Cribl-e1689609003906.jpg","type":"image\/jpeg"}],"twitter_card":"summary_large_image","schema":{"@context":"https:\/\/schema.org","@graph":[{"@type":"WebPage","@id":"https:\/\/devoud.smtware.com\/?page_id=8229","url":"https:\/\/devoud.smtware.com\/?page_id=8229","name":"Ironstream | SMT","isPartOf":{"@id":"https:\/\/devoud.smtware.com\/#website"},"primaryImageOfPage":{"@id":"https:\/\/devoud.smtware.com\/?page_id=8229#primaryimage"},"image":{"@id":"https:\/\/devoud.smtware.com\/?page_id=8229#primaryimage"},"thumbnailUrl":"https:\/\/devoud.smtware.com\/wp-content\/uploads\/2023\/07\/Header-Cribl-e1689609003906.jpg","datePublished":"2023-07-17T19:23:40+00:00","dateModified":"2024-05-03T14:27:44+00:00","description":"Maak echte keuzes wanneer het gaat om het verzamelen, ontsluiten, en distribueren van data. Doorbreek de silo\u2019s en haal meer uit jouw investeringen.","breadcrumb":{"@id":"https:\/\/devoud.smtware.com\/?page_id=8229#breadcrumb"},"inLanguage":"nl-NL","potentialAction":[{"@type":"ReadAction","target":["https:\/\/devoud.smtware.com\/?page_id=8229"]}]},{"@type":"ImageObject","inLanguage":"nl-NL","@id":"https:\/\/devoud.smtware.com\/?page_id=8229#primaryimage","url":"https:\/\/devoud.smtware.com\/wp-content\/uploads\/2023\/07\/Header-Cribl-e1689609003906.jpg","contentUrl":"https:\/\/devoud.smtware.com\/wp-content\/uploads\/2023\/07\/Header-Cribl-e1689609003906.jpg","width":753,"height":1080},{"@type":"BreadcrumbList","@id":"https:\/\/devoud.smtware.com\/?page_id=8229#breadcrumb","itemListElement":[{"@type":"ListItem","position":1,"name":"Home","item":"https:\/\/devoud.smtware.com\/"},{"@type":"ListItem","position":2,"name":"Technologie","item":"https:\/\/devoud.smtware.com\/?page_id=252"},{"@type":"ListItem","position":3,"name":"Precisely","item":"https:\/\/devoud.smtware.com\/?page_id=8228"},{"@type":"ListItem","position":4,"name":"Ironstream"}]},{"@type":"WebSite","@id":"https:\/\/devoud.smtware.com\/#website","url":"https:\/\/devoud.smtware.com\/","name":"SMT","description":"Data zonder gedoe","publisher":{"@id":"https:\/\/devoud.smtware.com\/#organization"},"alternateName":"SMT - Simple Management Technologies","potentialAction":[{"@type":"SearchAction","target":{"@type":"EntryPoint","urlTemplate":"https:\/\/devoud.smtware.com\/?s={search_term_string}"},"query-input":{"@type":"PropertyValueSpecification","valueRequired":true,"valueName":"search_term_string"}}],"inLanguage":"nl-NL"},{"@type":"Organization","@id":"https:\/\/devoud.smtware.com\/#organization","name":"SMT","alternateName":"SMT - Simple Management Technologies","url":"https:\/\/devoud.smtware.com\/","logo":{"@type":"ImageObject","inLanguage":"nl-NL","@id":"https:\/\/devoud.smtware.com\/#\/schema\/logo\/image\/","url":"https:\/\/devoud.smtware.com\/wp-content\/uploads\/2024\/02\/SMT-Logo-circle.png","contentUrl":"https:\/\/devoud.smtware.com\/wp-content\/uploads\/2024\/02\/SMT-Logo-circle.png","width":1281,"height":1281,"caption":"SMT"},"image":{"@id":"https:\/\/devoud.smtware.com\/#\/schema\/logo\/image\/"},"sameAs":["https:\/\/www.linkedin.com\/company\/smt-simple-management-technologies-b.v."],"description":"SMT is een vooraanstaande leverancier van innovatieve data-engineeringoplossingen, gespecialiseerd in cyber security, ITOps en DevOps. Met een passie voor het maximaliseren van de waarde van data, in samenwerking met Splunk en Cribl, helpen we organisaties om waardevolle inzichten te verkrijgen uit complexe datasets. Ons team van gecertificeerde, ervaren en gepassioneerde professionals is gericht op het leveren van waardegedreven data-integratie- en engineeringdiensten om organisaties te ondersteunen bij hun data-uitdagingen. Met uitgebreide expertise in Splunk-technologie\u00ebn bieden we onze klanten krachtige analyse- en monitoringmogelijkheden.","email":"info@devoud.smtware.com","telephone":"+31 (0)88 018 41 00","legalName":"SMT - Simple Management Technologies","foundingDate":"1997-10-01","numberOfEmployees":{"@type":"QuantitativeValue","minValue":"11","maxValue":"50"}}]}},"_links":{"self":[{"href":"https:\/\/devoud.smtware.com\/index.php?rest_route=\/wp\/v2\/pages\/8229","targetHints":{"allow":["GET"]}}],"collection":[{"href":"https:\/\/devoud.smtware.com\/index.php?rest_route=\/wp\/v2\/pages"}],"about":[{"href":"https:\/\/devoud.smtware.com\/index.php?rest_route=\/wp\/v2\/types\/page"}],"author":[{"embeddable":true,"href":"https:\/\/devoud.smtware.com\/index.php?rest_route=\/wp\/v2\/users\/10"}],"replies":[{"embeddable":true,"href":"https:\/\/devoud.smtware.com\/index.php?rest_route=%2Fwp%2Fv2%2Fcomments&post=8229"}],"version-history":[{"count":0,"href":"https:\/\/devoud.smtware.com\/index.php?rest_route=\/wp\/v2\/pages\/8229\/revisions"}],"up":[{"embeddable":true,"href":"https:\/\/devoud.smtware.com\/index.php?rest_route=\/wp\/v2\/pages\/8228"}],"wp:featuredmedia":[{"embeddable":true,"href":"https:\/\/devoud.smtware.com\/index.php?rest_route=\/wp\/v2\/media\/8163"}],"wp:attachment":[{"href":"https:\/\/devoud.smtware.com\/index.php?rest_route=%2Fwp%2Fv2%2Fmedia&parent=8229"}],"curies":[{"name":"wp","href":"https:\/\/api.w.org\/{rel}","templated":true}]}}